{"id":2948,"date":"2024-08-22T10:50:47","date_gmt":"2024-08-22T14:50:47","guid":{"rendered":"https:\/\/globulabsante.com\/contact\/"},"modified":"2026-05-13T14:30:09","modified_gmt":"2026-05-13T18:30:09","slug":"contact","status":"publish","type":"page","link":"https:\/\/globulabsante.com\/en\/contact\/","title":{"rendered":"Contact"},"content":{"rendered":"\t\t<div data-elementor-type=\"wp-page\" data-elementor-id=\"2948\" class=\"elementor elementor-2948 elementor-2727\" data-elementor-post-type=\"page\">\n\t\t\t\t<div class=\"elementor-element elementor-element-9215bd9 elementor-hidden-tablet elementor-hidden-mobile_extra elementor-hidden-mobile e-flex e-con-boxed e-con e-parent\" data-id=\"9215bd9\" data-element_type=\"container\" data-settings=\"{&quot;background_background&quot;:&quot;classic&quot;}\">\n\t\t\t\t\t<div class=\"e-con-inner\">\n\t\t<div class=\"elementor-element elementor-element-4cfb678 e-con-full e-flex e-con e-child\" data-id=\"4cfb678\" data-element_type=\"container\">\n\t\t\t\t<div class=\"elementor-element elementor-element-884e876 elementor-widget elementor-widget-heading\" data-id=\"884e876\" data-element_type=\"widget\" data-widget_type=\"heading.default\">\n\t\t\t\t<div class=\"elementor-widget-container\">\n\t\t\t\t\t<h5 class=\"elementor-heading-title elementor-size-default\">Hours of operation<\/h5>\t\t\t\t<\/div>\n\t\t\t\t<\/div>\n\t\t\t\t<div class=\"elementor-element elementor-element-291927d elementor-widget elementor-widget-text-editor\" data-id=\"291927d\" data-element_type=\"widget\" data-widget_type=\"text-editor.default\">\n\t\t\t\t<div class=\"elementor-widget-container\">\n\t\t\t\t\t\t\t\t\t<p><span class=\"color\">For Our Services<\/span><br>\nMonday &#8211; Sunday<br>\n4am &#8211; 1pm<\/p>\t\t\t\t\t\t\t\t<\/div>\n\t\t\t\t<\/div>\n\t\t\t\t<div class=\"elementor-element elementor-element-84ad164 elementor-widget elementor-widget-text-editor\" data-id=\"84ad164\" data-element_type=\"widget\" data-widget_type=\"text-editor.default\">\n\t\t\t\t<div class=\"elementor-widget-container\">\n\t\t\t\t\t\t\t\t\t<p>*For service outside these hours, don\u2019t hesitate to ask us<\/p>\t\t\t\t\t\t\t\t<\/div>\n\t\t\t\t<\/div>\n\t\t\t\t<div class=\"elementor-element elementor-element-84df9c5 elementor-widget elementor-widget-text-editor\" data-id=\"84df9c5\" data-element_type=\"widget\" data-widget_type=\"text-editor.default\">\n\t\t\t\t<div class=\"elementor-widget-container\">\n\t\t\t\t\t\t\t\t\t<p><span class=\"color\">For Calls<\/span><br \/>Monday &#8211; Saturday<br \/>7am &#8211; 8pm<\/p>\t\t\t\t\t\t\t\t<\/div>\n\t\t\t\t<\/div>\n\t\t\t\t<\/div>\n\t\t<div class=\"elementor-element elementor-element-83fe4cb e-con-full e-flex e-con e-child\" data-id=\"83fe4cb\" data-element_type=\"container\">\n\t\t\t\t<div class=\"elementor-element elementor-element-71cd315 elementor-widget elementor-widget-heading\" data-id=\"71cd315\" data-element_type=\"widget\" data-widget_type=\"heading.default\">\n\t\t\t\t<div class=\"elementor-widget-container\">\n\t\t\t\t\t<h5 class=\"elementor-heading-title elementor-size-default\">Service areas<\/h5>\t\t\t\t<\/div>\n\t\t\t\t<\/div>\n\t\t\t\t<div class=\"elementor-element elementor-element-3baef79 elementor-widget elementor-widget-text-editor\" data-id=\"3baef79\" data-element_type=\"widget\" data-widget_type=\"text-editor.default\">\n\t\t\t\t<div class=\"elementor-widget-container\">\n\t\t\t\t\t\t\t\t\t<p>Montreal <br \/>Laval<br \/>Repentigny<br \/>Saint-Sauveur<br \/>And Much More<\/p>\t\t\t\t\t\t\t\t<\/div>\n\t\t\t\t<\/div>\n\t\t\t\t<div class=\"elementor-element elementor-element-3b6304e elementor-widget elementor-widget-text-editor\" data-id=\"3b6304e\" data-element_type=\"widget\" data-widget_type=\"text-editor.default\">\n\t\t\t\t<div class=\"elementor-widget-container\">\n\t\t\t\t\t\t\t\t\t<p>*Call us to see if we serve your area!<\/p>\t\t\t\t\t\t\t\t<\/div>\n\t\t\t\t<\/div>\n\t\t\t\t<\/div>\n\t\t<div class=\"elementor-element elementor-element-e6b6333 e-con-full e-flex e-con e-child\" data-id=\"e6b6333\" data-element_type=\"container\">\n\t\t\t\t<div class=\"elementor-element elementor-element-0064f1b elementor-widget elementor-widget-heading\" data-id=\"0064f1b\" data-element_type=\"widget\" data-widget_type=\"heading.default\">\n\t\t\t\t<div class=\"elementor-widget-container\">\n\t\t\t\t\t<h5 class=\"elementor-heading-title elementor-size-default\">Join Us<\/h5>\t\t\t\t<\/div>\n\t\t\t\t<\/div>\n\t\t\t\t<div class=\"elementor-element elementor-element-fdb80ea elementor-widget elementor-widget-text-editor\" data-id=\"fdb80ea\" data-element_type=\"widget\" data-widget_type=\"text-editor.default\">\n\t\t\t\t<div class=\"elementor-widget-container\">\n\t\t\t\t\t\t\t\t\t<p>Address<br \/><a href=\"https:\/\/www.google.com\/maps\/place\/468A+Rue+Notre-Dame,+Repentigny,+QC+J6A+2T5\/@45.7395967,-73.4480726,765m\/data=!3m2!1e3!4b1!4m6!3m5!1s0x4cc8e5cf533106d3:0xb1ce2c68f2149b66!8m2!3d45.7395967!4d-73.4454977!16s%2Fg%2F11mlcp6w27?entry=ttu&amp;g_ep=EgoyMDI2MDUxMC4wIKXMDSoASAFQAw%3D%3D\" target=\"_blank\" rel=\"noopener\">468-A Notre-Dame, Repentigny, Qc J6A 2T5<\/a><br \/>Phone<br \/><a href=\"tel:5149847000\">(514) 984-7000<\/a><br \/>Email<br \/><a href=\"mailto:info@globulabsante.com\">info@globulabsante.com<\/a><\/p>\t\t\t\t\t\t\t\t<\/div>\n\t\t\t\t<\/div>\n\t\t\t\t<div class=\"elementor-element elementor-element-768fdd8 elementor-icon-list--layout-inline elementor-align-left elementor-mobile-align-center elementor-list-item-link-full_width elementor-widget elementor-widget-icon-list\" data-id=\"768fdd8\" data-element_type=\"widget\" data-widget_type=\"icon-list.default\">\n\t\t\t\t<div class=\"elementor-widget-container\">\n\t\t\t\t\t\t\t<ul class=\"elementor-icon-list-items elementor-inline-items\">\n\t\t\t\t\t\t\t<li class=\"elementor-icon-list-item elementor-inline-item\">\n\t\t\t\t\t\t\t\t\t\t\t<a href=\"https:\/\/www.facebook.com\/Globulabsanteinc\" target=\"_blank\">\n\n\t\t\t\t\t\t\t\t\t\t\t\t<span class=\"elementor-icon-list-icon\">\n\t\t\t\t\t\t\t<i aria-hidden=\"true\" class=\"fab fa-facebook-f\"><\/i>\t\t\t\t\t\t<\/span>\n\t\t\t\t\t\t\t\t\t\t<span class=\"elementor-icon-list-text\"><\/span>\n\t\t\t\t\t\t\t\t\t\t\t<\/a>\n\t\t\t\t\t\t\t\t\t<\/li>\n\t\t\t\t\t\t\t\t<li class=\"elementor-icon-list-item elementor-inline-item\">\n\t\t\t\t\t\t\t\t\t\t\t<a href=\"mailto:info@globulabsante.com\">\n\n\t\t\t\t\t\t\t\t\t\t\t\t<span class=\"elementor-icon-list-icon\">\n\t\t\t\t\t\t\t<i aria-hidden=\"true\" class=\"far fa-envelope\"><\/i>\t\t\t\t\t\t<\/span>\n\t\t\t\t\t\t\t\t\t\t<span class=\"elementor-icon-list-text\"><\/span>\n\t\t\t\t\t\t\t\t\t\t\t<\/a>\n\t\t\t\t\t\t\t\t\t<\/li>\n\t\t\t\t\t\t<\/ul>\n\t\t\t\t\t\t<\/div>\n\t\t\t\t<\/div>\n\t\t\t\t<\/div>\n\t\t\t\t\t<\/div>\n\t\t\t\t<\/div>\n\t\t<div class=\"elementor-element elementor-element-7fa2386 e-flex e-con-boxed e-con e-parent\" data-id=\"7fa2386\" data-element_type=\"container\" data-settings=\"{&quot;background_background&quot;:&quot;classic&quot;,&quot;background_motion_fx_motion_fx_scrolling&quot;:&quot;yes&quot;,&quot;background_motion_fx_translateY_effect&quot;:&quot;yes&quot;,&quot;background_motion_fx_translateY_direction&quot;:&quot;negative&quot;,&quot;background_motion_fx_translateY_speed&quot;:{&quot;unit&quot;:&quot;px&quot;,&quot;size&quot;:10,&quot;sizes&quot;:[]},&quot;background_motion_fx_range&quot;:&quot;viewport&quot;,&quot;background_motion_fx_translateY_affectedRange&quot;:{&quot;unit&quot;:&quot;%&quot;,&quot;size&quot;:&quot;&quot;,&quot;sizes&quot;:{&quot;start&quot;:0,&quot;end&quot;:100}},&quot;background_motion_fx_devices&quot;:[&quot;widescreen&quot;,&quot;desktop&quot;,&quot;laptop&quot;,&quot;tablet_extra&quot;,&quot;tablet&quot;,&quot;mobile_extra&quot;,&quot;mobile&quot;]}\">\n\t\t\t\t\t<div class=\"e-con-inner\">\n\t\t\t\t\t<\/div>\n\t\t\t\t<\/div>\n\t\t<div class=\"elementor-element elementor-element-b8aa165 e-flex e-con-boxed e-con e-parent\" data-id=\"b8aa165\" data-element_type=\"container\">\n\t\t\t\t\t<div class=\"e-con-inner\">\n\t\t<div class=\"elementor-element elementor-element-831ba99 e-con-full e-flex e-con e-child\" data-id=\"831ba99\" data-element_type=\"container\">\n\t\t\t\t<div class=\"elementor-element elementor-element-d52efb7 elementor-widget elementor-widget-heading\" data-id=\"d52efb7\" data-element_type=\"widget\" data-widget_type=\"heading.default\">\n\t\t\t\t<div class=\"elementor-widget-container\">\n\t\t\t\t\t<h1 class=\"elementor-heading-title elementor-size-default\">Contact Us<\/h1>\t\t\t\t<\/div>\n\t\t\t\t<\/div>\n\t\t\t\t<div class=\"elementor-element elementor-element-3530f5d elementor-widget elementor-widget-text-editor\" data-id=\"3530f5d\" data-element_type=\"widget\" data-widget_type=\"text-editor.default\">\n\t\t\t\t<div class=\"elementor-widget-container\">\n\t\t\t\t\t\t\t\t\t<p>Putting your health first shouldn\u2019t be a burden. Thanks to the qualified nurses at Globulab, you can enjoy a blood test at home or in the workplace! We are also at your side for other types of tests that we send to our renowned partner laboratory.<\/p><p>Our team travels over a large area and always works in a caring and professional manner. We personalize our approach to each patient, whether for a child or a senior citizen.<\/p>\t\t\t\t\t\t\t\t<\/div>\n\t\t\t\t<\/div>\n\t\t\t\t<div class=\"elementor-element elementor-element-1e1b1cb elementor-widget elementor-widget-heading\" data-id=\"1e1b1cb\" data-element_type=\"widget\" data-widget_type=\"heading.default\">\n\t\t\t\t<div class=\"elementor-widget-container\">\n\t\t\t\t\t<h4 class=\"elementor-heading-title elementor-size-default\">You deserve health care that\u2019s tailored to your unique needs. <span class=\"color\">Let Globulab provide it!<\/span><\/h4>\t\t\t\t<\/div>\n\t\t\t\t<\/div>\n\t\t\t\t<div class=\"elementor-element elementor-element-9b4876e elementor-widget elementor-widget-text-editor\" data-id=\"9b4876e\" data-element_type=\"widget\" data-widget_type=\"text-editor.default\">\n\t\t\t\t<div class=\"elementor-widget-container\">\n\t\t\t\t\t\t\t\t\tPrescription\/physician&#8217;s request mandatory\t\t\t\t\t\t\t\t<\/div>\n\t\t\t\t<\/div>\n\t\t\t\t<\/div>\n\t\t<div class=\"elementor-element elementor-element-776c3cd e-con-full e-flex e-con e-child\" data-id=\"776c3cd\" data-element_type=\"container\">\n\t\t\t\t<div class=\"elementor-element elementor-element-422c4d91 elementor-button-align-start elementor-mobile-button-align-center elementor-widget elementor-widget-form\" data-id=\"422c4d91\" data-element_type=\"widget\" data-settings=\"{&quot;step_next_label&quot;:&quot;Next&quot;,&quot;step_previous_label&quot;:&quot;Previous&quot;,&quot;button_width&quot;:&quot;100&quot;,&quot;step_type&quot;:&quot;number_text&quot;,&quot;step_icon_shape&quot;:&quot;circle&quot;}\" data-widget_type=\"form.default\">\n\t\t\t\t<div class=\"elementor-widget-container\">\n\t\t\t\t\t\t\t<form class=\"elementor-form\" method=\"post\" name=\"New Form\" aria-label=\"New Form\">\n\t\t\t<input type=\"hidden\" name=\"post_id\" value=\"2948\"\/>\n\t\t\t<input type=\"hidden\" name=\"form_id\" value=\"422c4d91\"\/>\n\t\t\t<input type=\"hidden\" name=\"referer_title\" value=\"Contact Us | Blood Test Globulab Sant\u00e9\" \/>\n\n\t\t\t\t\t\t\t<input type=\"hidden\" name=\"queried_id\" value=\"2948\"\/>\n\t\t\t\n\t\t\t<div class=\"elementor-form-fields-wrapper elementor-labels-above\">\n\t\t\t\t\t\t\t\t<div class=\"elementor-field-type-text elementor-field-group elementor-column elementor-field-group-name elementor-col-100 elementor-field-required\">\n\t\t\t\t\t\t\t\t\t\t\t\t<label for=\"form-field-name\" class=\"elementor-field-label\">\n\t\t\t\t\t\t\t\t*Name:\t\t\t\t\t\t\t<\/label>\n\t\t\t\t\t\t\t\t\t\t\t\t\t\t<input size=\"1\" type=\"text\" name=\"form_fields[name]\" id=\"form-field-name\" class=\"elementor-field elementor-size-sm  elementor-field-textual\" required=\"required\">\n\t\t\t\t\t\t\t\t\t\t\t<\/div>\n\t\t\t\t\t\t\t\t<div class=\"elementor-field-type-tel elementor-field-group elementor-column elementor-field-group-field_f5f1e1b elementor-col-100 elementor-field-required\">\n\t\t\t\t\t\t\t\t\t\t\t\t<label for=\"form-field-field_f5f1e1b\" class=\"elementor-field-label\">\n\t\t\t\t\t\t\t\t*Phone:\t\t\t\t\t\t\t<\/label>\n\t\t\t\t\t\t\t\t<input size=\"1\" type=\"tel\" name=\"form_fields[field_f5f1e1b]\" id=\"form-field-field_f5f1e1b\" class=\"elementor-field elementor-size-sm  elementor-field-textual\" required=\"required\" pattern=\"[0-9()#&amp;+*-=.]+\" title=\"Only numbers and phone characters (#, -, *, etc) are accepted.\">\n\n\t\t\t\t\t\t<\/div>\n\t\t\t\t\t\t\t\t<div class=\"elementor-field-type-email elementor-field-group elementor-column elementor-field-group-email elementor-col-100 elementor-field-required\">\n\t\t\t\t\t\t\t\t\t\t\t\t<label for=\"form-field-email\" class=\"elementor-field-label\">\n\t\t\t\t\t\t\t\t*Email:\t\t\t\t\t\t\t<\/label>\n\t\t\t\t\t\t\t\t\t\t\t\t\t\t<input size=\"1\" type=\"email\" name=\"form_fields[email]\" id=\"form-field-email\" class=\"elementor-field elementor-size-sm  elementor-field-textual\" required=\"required\">\n\t\t\t\t\t\t\t\t\t\t\t<\/div>\n\t\t\t\t\t\t\t\t<div class=\"elementor-field-type-textarea elementor-field-group elementor-column elementor-field-group-message elementor-col-100\">\n\t\t\t\t\t\t\t\t\t\t\t\t<label for=\"form-field-message\" class=\"elementor-field-label\">\n\t\t\t\t\t\t\t\tMessage:\t\t\t\t\t\t\t<\/label>\n\t\t\t\t\t\t<textarea class=\"elementor-field-textual elementor-field  elementor-size-sm\" name=\"form_fields[message]\" id=\"form-field-message\" rows=\"4\"><\/textarea>\t\t\t\t<\/div>\n\t\t\t\t\t\t\t\t<div class=\"elementor-field-type-upload elementor-field-group elementor-column elementor-field-group-field_0e82f25 elementor-col-100\">\n\t\t\t\t\t\t\t\t\t\t\t\t<label for=\"form-field-field_0e82f25\" class=\"elementor-field-label\">\n\t\t\t\t\t\t\t\tFile Attachment\t\t\t\t\t\t\t<\/label>\n\t\t\t\t\t\t\t\t<input type=\"file\" name=\"form_fields[field_0e82f25]\" id=\"form-field-field_0e82f25\" class=\"elementor-field elementor-size-sm  elementor-upload-field\">\n\n\t\t\t\t\t\t<\/div>\n\t\t\t\t\t\t\t\t<div class=\"elementor-field-type-recaptcha_v3 elementor-field-group elementor-column elementor-field-group-field_85a6000 elementor-col-100 recaptcha_v3-bottomright\">\n\t\t\t\t\t<div class=\"elementor-field\" id=\"form-field-field_85a6000\"><div class=\"elementor-g-recaptcha\" data-sitekey=\"6Lf6LDEqAAAAAEKJIrsziS3bi3nGSk8mOChzweys\" data-type=\"v3\" data-action=\"Form\" data-badge=\"bottomright\" data-size=\"invisible\"><\/div><\/div>\t\t\t\t<\/div>\n\t\t\t\t\t\t\t\t<div class=\"elementor-field-group elementor-column elementor-field-type-submit elementor-col-100 e-form__buttons\">\n\t\t\t\t\t<button class=\"elementor-button elementor-size-md elementor-animation-grow\" type=\"submit\">\n\t\t\t\t\t\t<span class=\"elementor-button-content-wrapper\">\n\t\t\t\t\t\t\t\t\t\t\t\t\t\t\t\t\t\t\t\t\t\t<span class=\"elementor-button-text\">Send<\/span>\n\t\t\t\t\t\t\t\t\t\t\t\t\t<\/span>\n\t\t\t\t\t<\/button>\n\t\t\t\t<\/div>\n\t\t\t<\/div>\n\t\t<\/form>\n\t\t\t\t\t\t<\/div>\n\t\t\t\t<\/div>\n\t\t\t\t<\/div>\n\t\t\t\t\t<\/div>\n\t\t\t\t<\/div>\n\t\t<div class=\"elementor-element elementor-element-1be9831 e-con-full map-container e-flex e-con e-parent\" data-id=\"1be9831\" data-element_type=\"container\">\n\t\t\t\t<div class=\"elementor-element elementor-element-09f2ac3 elementor-widget elementor-widget-html\" data-id=\"09f2ac3\" data-element_type=\"widget\" data-widget_type=\"html.default\">\n\t\t\t\t<div class=\"elementor-widget-container\">\n\t\t\t\t\t<iframe src=\"https:\/\/www.google.com\/maps\/embed?pb=!1m14!1m8!1m3!1d356811.24348161876!2d-73.6980599!3d45.6791739!3m2!1i1024!2i768!4f13.1!3m3!1m2!1s0x0%3A0xdd673dc2b928ad6f!2sPRISE%20DE%20SANG%20GLOBULAB%20SANT%C3%89!5e0!3m2!1sen!2sca!4v1671564532437!5m2!1sen!2sca\" width=\"100%\" height=\"350\" style=\"border:0;\" allowfullscreen=\"\" loading=\"lazy\" referrerpolicy=\"no-referrer-when-downgrade\"><\/iframe>\t\t\t\t<\/div>\n\t\t\t\t<\/div>\n\t\t\t\t<\/div>\n\t\t\t\t<\/div>\n\t\t","protected":false},"excerpt":{"rendered":"<p>Hours of operation For Our Services Monday &#8211; Sunday 4am &#8211; 1pm *For service outside these hours, don\u2019t hesitate to ask us For CallsMonday &#8211; Saturday7am &#8211; 8pm Service areas Montreal LavalRepentignySaint-SauveurAnd Much More *Call us to see if we serve your area! Join Us Address468-A Notre-Dame, Repentigny, Qc J6A 2T5Phone(514) 984-7000Emailinfo@globulabsante.com Contact Us Putting [&hellip;]<\/p>\n","protected":false},"author":1,"featured_media":4287,"parent":0,"menu_order":0,"comment_status":"closed","ping_status":"closed","template":"elementor_header_footer","meta":{"footnotes":""},"class_list":["post-2948","page","type-page","status-publish","has-post-thumbnail","hentry"],"yoast_head":"<!-- This site is optimized with the Yoast SEO plugin v26.5 - https:\/\/yoast.com\/wordpress\/plugins\/seo\/ -->\n<title>Contact Us | Blood Test Globulab Sant\u00e9<\/title>\n<meta name=\"description\" content=\"Globulab offers a caring service for all in-home blood tests in Montreal. We also carry out other types of tests. Call us for more information!\" \/>\n<meta name=\"robots\" content=\"index, follow, max-snippet:-1, max-image-preview:large, max-video-preview:-1\" \/>\n<link rel=\"canonical\" href=\"https:\/\/globulabsante.com\/en\/contact\/\" \/>\n<meta property=\"og:locale\" content=\"en_US\" \/>\n<meta property=\"og:type\" content=\"article\" \/>\n<meta property=\"og:title\" content=\"Contact Us | Blood Test Globulab Sant\u00e9\" \/>\n<meta property=\"og:description\" content=\"Globulab offers a caring service for all in-home blood tests in Montreal. We also carry out other types of tests. Call us for more information!\" \/>\n<meta property=\"og:url\" content=\"https:\/\/globulabsante.com\/en\/contact\/\" \/>\n<meta property=\"og:site_name\" content=\"Globulab Sant\u00e9\" \/>\n<meta property=\"article:modified_time\" content=\"2026-05-13T18:30:09+00:00\" \/>\n<meta property=\"og:image\" content=\"https:\/\/globulabsante.com\/wp-content\/uploads\/2024\/08\/OG.jpg\" \/>\n\t<meta property=\"og:image:width\" content=\"1200\" \/>\n\t<meta property=\"og:image:height\" content=\"630\" \/>\n\t<meta property=\"og:image:type\" content=\"image\/jpeg\" \/>\n<meta name=\"twitter:card\" content=\"summary_large_image\" \/>\n<meta name=\"twitter:label1\" content=\"Est. reading time\" \/>\n\t<meta name=\"twitter:data1\" content=\"1 minute\" \/>\n<script type=\"application\/ld+json\" class=\"yoast-schema-graph\">{\"@context\":\"https:\/\/schema.org\",\"@graph\":[{\"@type\":[\"WebPage\",\"ContactPage\"],\"@id\":\"https:\/\/globulabsante.com\/en\/contact\/\",\"url\":\"https:\/\/globulabsante.com\/en\/contact\/\",\"name\":\"Contact Us | Blood Test Globulab Sant\u00e9\",\"isPartOf\":{\"@id\":\"https:\/\/globulabsante.com\/en\/#website\"},\"primaryImageOfPage\":{\"@id\":\"https:\/\/globulabsante.com\/en\/contact\/#primaryimage\"},\"image\":{\"@id\":\"https:\/\/globulabsante.com\/en\/contact\/#primaryimage\"},\"thumbnailUrl\":\"https:\/\/globulabsante.com\/wp-content\/uploads\/2024\/08\/OG.jpg\",\"datePublished\":\"2024-08-22T14:50:47+00:00\",\"dateModified\":\"2026-05-13T18:30:09+00:00\",\"description\":\"Globulab offers a caring service for all in-home blood tests in Montreal. We also carry out other types of tests. Call us for more information!\",\"breadcrumb\":{\"@id\":\"https:\/\/globulabsante.com\/en\/contact\/#breadcrumb\"},\"inLanguage\":\"en-CA\",\"potentialAction\":[{\"@type\":\"ReadAction\",\"target\":[\"https:\/\/globulabsante.com\/en\/contact\/\"]}]},{\"@type\":\"ImageObject\",\"inLanguage\":\"en-CA\",\"@id\":\"https:\/\/globulabsante.com\/en\/contact\/#primaryimage\",\"url\":\"https:\/\/globulabsante.com\/wp-content\/uploads\/2024\/08\/OG.jpg\",\"contentUrl\":\"https:\/\/globulabsante.com\/wp-content\/uploads\/2024\/08\/OG.jpg\",\"width\":1200,\"height\":630},{\"@type\":\"BreadcrumbList\",\"@id\":\"https:\/\/globulabsante.com\/en\/contact\/#breadcrumb\",\"itemListElement\":[{\"@type\":\"ListItem\",\"position\":1,\"name\":\"Accueil\",\"item\":\"https:\/\/globulabsante.com\/en\/\"},{\"@type\":\"ListItem\",\"position\":2,\"name\":\"Contact\"}]},{\"@type\":\"WebSite\",\"@id\":\"https:\/\/globulabsante.com\/en\/#website\",\"url\":\"https:\/\/globulabsante.com\/en\/\",\"name\":\"Globulab Sant\u00e9\",\"description\":\"PR\u00c9L\u00c8VEMENTS SANGUINS\",\"publisher\":{\"@id\":\"https:\/\/globulabsante.com\/en\/#organization\"},\"potentialAction\":[{\"@type\":\"SearchAction\",\"target\":{\"@type\":\"EntryPoint\",\"urlTemplate\":\"https:\/\/globulabsante.com\/en\/?s={search_term_string}\"},\"query-input\":{\"@type\":\"PropertyValueSpecification\",\"valueRequired\":true,\"valueName\":\"search_term_string\"}}],\"inLanguage\":\"en-CA\"},{\"@type\":\"Organization\",\"@id\":\"https:\/\/globulabsante.com\/en\/#organization\",\"name\":\"Globulab Sant\u00e9\",\"url\":\"https:\/\/globulabsante.com\/en\/\",\"logo\":{\"@type\":\"ImageObject\",\"inLanguage\":\"en-CA\",\"@id\":\"https:\/\/globulabsante.com\/en\/#\/schema\/logo\/image\/\",\"url\":\"https:\/\/globulabsante.com\/wp-content\/uploads\/2022\/03\/globulab-logo.png\",\"contentUrl\":\"https:\/\/globulabsante.com\/wp-content\/uploads\/2022\/03\/globulab-logo.png\",\"width\":275,\"height\":87,\"caption\":\"Globulab Sant\u00e9\"},\"image\":{\"@id\":\"https:\/\/globulabsante.com\/en\/#\/schema\/logo\/image\/\"}}]}<\/script>\n<!-- \/ Yoast SEO plugin. -->","yoast_head_json":{"title":"Contact Us | Blood Test Globulab Sant\u00e9","description":"Globulab offers a caring service for all in-home blood tests in Montreal. We also carry out other types of tests. Call us for more information!","robots":{"index":"index","follow":"follow","max-snippet":"max-snippet:-1","max-image-preview":"max-image-preview:large","max-video-preview":"max-video-preview:-1"},"canonical":"https:\/\/globulabsante.com\/en\/contact\/","og_locale":"en_US","og_type":"article","og_title":"Contact Us | Blood Test Globulab Sant\u00e9","og_description":"Globulab offers a caring service for all in-home blood tests in Montreal. We also carry out other types of tests. Call us for more information!","og_url":"https:\/\/globulabsante.com\/en\/contact\/","og_site_name":"Globulab Sant\u00e9","article_modified_time":"2026-05-13T18:30:09+00:00","og_image":[{"width":1200,"height":630,"url":"https:\/\/globulabsante.com\/wp-content\/uploads\/2024\/08\/OG.jpg","type":"image\/jpeg"}],"twitter_card":"summary_large_image","twitter_misc":{"Est. reading time":"1 minute"},"schema":{"@context":"https:\/\/schema.org","@graph":[{"@type":["WebPage","ContactPage"],"@id":"https:\/\/globulabsante.com\/en\/contact\/","url":"https:\/\/globulabsante.com\/en\/contact\/","name":"Contact Us | Blood Test Globulab Sant\u00e9","isPartOf":{"@id":"https:\/\/globulabsante.com\/en\/#website"},"primaryImageOfPage":{"@id":"https:\/\/globulabsante.com\/en\/contact\/#primaryimage"},"image":{"@id":"https:\/\/globulabsante.com\/en\/contact\/#primaryimage"},"thumbnailUrl":"https:\/\/globulabsante.com\/wp-content\/uploads\/2024\/08\/OG.jpg","datePublished":"2024-08-22T14:50:47+00:00","dateModified":"2026-05-13T18:30:09+00:00","description":"Globulab offers a caring service for all in-home blood tests in Montreal. We also carry out other types of tests. Call us for more information!","breadcrumb":{"@id":"https:\/\/globulabsante.com\/en\/contact\/#breadcrumb"},"inLanguage":"en-CA","potentialAction":[{"@type":"ReadAction","target":["https:\/\/globulabsante.com\/en\/contact\/"]}]},{"@type":"ImageObject","inLanguage":"en-CA","@id":"https:\/\/globulabsante.com\/en\/contact\/#primaryimage","url":"https:\/\/globulabsante.com\/wp-content\/uploads\/2024\/08\/OG.jpg","contentUrl":"https:\/\/globulabsante.com\/wp-content\/uploads\/2024\/08\/OG.jpg","width":1200,"height":630},{"@type":"BreadcrumbList","@id":"https:\/\/globulabsante.com\/en\/contact\/#breadcrumb","itemListElement":[{"@type":"ListItem","position":1,"name":"Accueil","item":"https:\/\/globulabsante.com\/en\/"},{"@type":"ListItem","position":2,"name":"Contact"}]},{"@type":"WebSite","@id":"https:\/\/globulabsante.com\/en\/#website","url":"https:\/\/globulabsante.com\/en\/","name":"Globulab Sant\u00e9","description":"PR\u00c9L\u00c8VEMENTS SANGUINS","publisher":{"@id":"https:\/\/globulabsante.com\/en\/#organization"},"potentialAction":[{"@type":"SearchAction","target":{"@type":"EntryPoint","urlTemplate":"https:\/\/globulabsante.com\/en\/?s={search_term_string}"},"query-input":{"@type":"PropertyValueSpecification","valueRequired":true,"valueName":"search_term_string"}}],"inLanguage":"en-CA"},{"@type":"Organization","@id":"https:\/\/globulabsante.com\/en\/#organization","name":"Globulab Sant\u00e9","url":"https:\/\/globulabsante.com\/en\/","logo":{"@type":"ImageObject","inLanguage":"en-CA","@id":"https:\/\/globulabsante.com\/en\/#\/schema\/logo\/image\/","url":"https:\/\/globulabsante.com\/wp-content\/uploads\/2022\/03\/globulab-logo.png","contentUrl":"https:\/\/globulabsante.com\/wp-content\/uploads\/2022\/03\/globulab-logo.png","width":275,"height":87,"caption":"Globulab Sant\u00e9"},"image":{"@id":"https:\/\/globulabsante.com\/en\/#\/schema\/logo\/image\/"}}]}},"_links":{"self":[{"href":"https:\/\/globulabsante.com\/en\/wp-json\/wp\/v2\/pages\/2948","targetHints":{"allow":["GET"]}}],"collection":[{"href":"https:\/\/globulabsante.com\/en\/wp-json\/wp\/v2\/pages"}],"about":[{"href":"https:\/\/globulabsante.com\/en\/wp-json\/wp\/v2\/types\/page"}],"author":[{"embeddable":true,"href":"https:\/\/globulabsante.com\/en\/wp-json\/wp\/v2\/users\/1"}],"replies":[{"embeddable":true,"href":"https:\/\/globulabsante.com\/en\/wp-json\/wp\/v2\/comments?post=2948"}],"version-history":[{"count":10,"href":"https:\/\/globulabsante.com\/en\/wp-json\/wp\/v2\/pages\/2948\/revisions"}],"predecessor-version":[{"id":5168,"href":"https:\/\/globulabsante.com\/en\/wp-json\/wp\/v2\/pages\/2948\/revisions\/5168"}],"wp:featuredmedia":[{"embeddable":true,"href":"https:\/\/globulabsante.com\/en\/wp-json\/wp\/v2\/media\/4287"}],"wp:attachment":[{"href":"https:\/\/globulabsante.com\/en\/wp-json\/wp\/v2\/media?parent=2948"}],"curies":[{"name":"wp","href":"https:\/\/api.w.org\/{rel}","templated":true}]}}