{"id":2957,"date":"2024-08-23T10:33:29","date_gmt":"2024-08-23T14:33:29","guid":{"rendered":"https:\/\/globulabsante.com\/zones-desservies\/"},"modified":"2025-06-09T14:04:31","modified_gmt":"2025-06-09T18:04:31","slug":"area-served","status":"publish","type":"page","link":"https:\/\/globulabsante.com\/en\/area-served\/","title":{"rendered":"Service Areas"},"content":{"rendered":"\t\t<div data-elementor-type=\"wp-page\" data-elementor-id=\"2957\" class=\"elementor elementor-2957 elementor-2955\" data-elementor-post-type=\"page\">\n\t\t\t\t<div class=\"elementor-element elementor-element-adbd41a e-flex e-con-boxed e-con e-parent\" data-id=\"adbd41a\" data-element_type=\"container\" data-settings=\"{&quot;background_background&quot;:&quot;classic&quot;,&quot;background_motion_fx_motion_fx_scrolling&quot;:&quot;yes&quot;,&quot;background_motion_fx_translateY_effect&quot;:&quot;yes&quot;,&quot;background_motion_fx_translateY_direction&quot;:&quot;negative&quot;,&quot;background_motion_fx_translateY_speed&quot;:{&quot;unit&quot;:&quot;px&quot;,&quot;size&quot;:10,&quot;sizes&quot;:[]},&quot;background_motion_fx_range&quot;:&quot;viewport&quot;,&quot;background_motion_fx_translateY_affectedRange&quot;:{&quot;unit&quot;:&quot;%&quot;,&quot;size&quot;:&quot;&quot;,&quot;sizes&quot;:{&quot;start&quot;:0,&quot;end&quot;:100}},&quot;background_motion_fx_devices&quot;:[&quot;widescreen&quot;,&quot;desktop&quot;,&quot;laptop&quot;,&quot;tablet_extra&quot;,&quot;tablet&quot;,&quot;mobile_extra&quot;,&quot;mobile&quot;]}\">\n\t\t\t\t\t<div class=\"e-con-inner\">\n\t\t\t\t\t<\/div>\n\t\t\t\t<\/div>\n\t\t<div class=\"elementor-element elementor-element-297ba71 e-flex e-con-boxed e-con e-parent\" data-id=\"297ba71\" data-element_type=\"container\">\n\t\t\t\t\t<div class=\"e-con-inner\">\n\t\t<div class=\"elementor-element elementor-element-82600b2 e-con-full e-flex e-con e-child\" data-id=\"82600b2\" data-element_type=\"container\">\n\t\t\t\t<div class=\"elementor-element elementor-element-40173fd elementor-widget elementor-widget-heading\" data-id=\"40173fd\" data-element_type=\"widget\" data-widget_type=\"heading.default\">\n\t\t\t\t<div class=\"elementor-widget-container\">\n\t\t\t\t\t<h1 class=\"elementor-heading-title elementor-size-default\">Service area<\/h1>\t\t\t\t<\/div>\n\t\t\t\t<\/div>\n\t\t\t\t<\/div>\n\t\t<div class=\"elementor-element elementor-element-ad9e0ed e-con-full e-flex e-con e-child\" data-id=\"ad9e0ed\" data-element_type=\"container\">\n\t\t\t\t<div class=\"elementor-element elementor-element-9681a2f elementor-widget elementor-widget-text-editor\" data-id=\"9681a2f\" data-element_type=\"widget\" data-widget_type=\"text-editor.default\">\n\t\t\t\t<div class=\"elementor-widget-container\">\n\t\t\t\t\t\t\t\t\t<p>At <a href=\"\/en\">Globulab Sant\u00e9<\/a>, your well-being is our top priority. We are committed to ensuring your health by offering fast blood collection services at home and in the workplace. No more long waits at the hospital or CLSC \u2013 with Globulab, enjoy private service within 24 to 48 hours of your call! Our commitment to your comfort and satisfaction is reflected in every aspect of our service.<\/p><p>Below is the list of cities we currently serve for at-home blood tests, as well as other tests and analyses.<br data-start=\"162\" data-end=\"165\" \/>Don&#8217;t see your city on the list? Contact us to discuss a possible accommodation.<\/p>\t\t\t\t\t\t\t\t<\/div>\n\t\t\t\t<\/div>\n\t\t\t\t<\/div>\n\t\t\t\t\t<\/div>\n\t\t\t\t<\/div>\n\t\t<div class=\"elementor-element elementor-element-ffe5ce3 e-flex e-con-boxed e-con e-parent\" data-id=\"ffe5ce3\" data-element_type=\"container\" data-settings=\"{&quot;background_background&quot;:&quot;classic&quot;,&quot;background_motion_fx_motion_fx_scrolling&quot;:&quot;yes&quot;,&quot;background_motion_fx_translateY_effect&quot;:&quot;yes&quot;,&quot;background_motion_fx_translateY_direction&quot;:&quot;negative&quot;,&quot;background_motion_fx_translateY_speed&quot;:{&quot;unit&quot;:&quot;px&quot;,&quot;size&quot;:10,&quot;sizes&quot;:[]},&quot;background_motion_fx_range&quot;:&quot;viewport&quot;,&quot;background_motion_fx_translateY_affectedRange&quot;:{&quot;unit&quot;:&quot;%&quot;,&quot;size&quot;:&quot;&quot;,&quot;sizes&quot;:{&quot;start&quot;:0,&quot;end&quot;:100}},&quot;background_motion_fx_devices&quot;:[&quot;widescreen&quot;,&quot;desktop&quot;,&quot;laptop&quot;,&quot;tablet_extra&quot;,&quot;tablet&quot;,&quot;mobile_extra&quot;,&quot;mobile&quot;]}\">\n\t\t\t\t\t<div class=\"e-con-inner\">\n\t\t\t\t\t<\/div>\n\t\t\t\t<\/div>\n\t\t<div class=\"elementor-element elementor-element-17b0800 e-flex e-con-boxed e-con e-parent\" data-id=\"17b0800\" data-element_type=\"container\">\n\t\t\t\t\t<div class=\"e-con-inner\">\n\t\t<div class=\"elementor-element elementor-element-ec97b93 e-con-full e-flex e-con e-child\" data-id=\"ec97b93\" data-element_type=\"container\">\n\t\t\t\t<div class=\"elementor-element elementor-element-30b93d9 elementor-widget elementor-widget-heading\" data-id=\"30b93d9\" data-element_type=\"widget\" data-widget_type=\"heading.default\">\n\t\t\t\t<div class=\"elementor-widget-container\">\n\t\t\t\t\t<h2 class=\"elementor-heading-title elementor-size-default\">Our service area for at-home or workplace blood collections<\/h2>\t\t\t\t<\/div>\n\t\t\t\t<\/div>\n\t\t\t\t<div class=\"elementor-element elementor-element-51e7188 elementor-widget elementor-widget-text-editor\" data-id=\"51e7188\" data-element_type=\"widget\" data-widget_type=\"text-editor.default\">\n\t\t\t\t<div class=\"elementor-widget-container\">\n\t\t\t\t\t\t\t\t\t<ul><li><a href=\"\/en\/home-blood-test-montreal\">Montr\u00e9al<\/a><\/li><li><a href=\"\/en\/services-by-location\/blood-test-laval\/\">Laval<\/a><\/li><li>Saint-Eustache<\/li><li>Repentigny<\/li><li>Trois-Rivi\u00e8res<\/li><li>Chambly<\/li><li>Candiac<\/li><li>Granby<\/li><li>Saint-Sauveur<\/li><li>Rosem\u00e8re<\/li><li>Blainville<\/li><li>Mont-Saint-Hilaire<\/li><li>Saint-Hyacinthe<\/li><li>Shawinigan<\/li><li>Mont-Tremblant<\/li><li>Bromont<\/li><\/ul><p>&#8230;and much more!<\/p>\t\t\t\t\t\t\t\t<\/div>\n\t\t\t\t<\/div>\n\t\t\t\t<div class=\"elementor-element elementor-element-bc04a57 elementor-widget elementor-widget-text-editor\" data-id=\"bc04a57\" data-element_type=\"widget\" data-widget_type=\"text-editor.default\">\n\t\t\t\t<div class=\"elementor-widget-container\">\n\t\t\t\t\t\t\t\t\t<p>*Call us to find out if we serve your area!<\/p>\t\t\t\t\t\t\t\t<\/div>\n\t\t\t\t<\/div>\n\t\t\t\t<\/div>\n\t\t\t\t\t<\/div>\n\t\t\t\t<\/div>\n\t\t<div class=\"elementor-element elementor-element-0c30e8b e-con-full e-flex e-con e-parent\" data-id=\"0c30e8b\" data-element_type=\"container\">\n\t\t\t\t<div class=\"elementor-element elementor-element-b63228b elementor-widget elementor-widget-google_maps\" data-id=\"b63228b\" data-element_type=\"widget\" data-widget_type=\"google_maps.default\">\n\t\t\t\t<div class=\"elementor-widget-container\">\n\t\t\t\t\t\t\t<div class=\"elementor-custom-embed\">\n\t\t\t<iframe loading=\"lazy\"\n\t\t\t\t\tsrc=\"https:\/\/maps.google.com\/maps?q=PRISE%20DE%20SANG%20GLOBULAB%20SANT%C3%89&#038;t=m&#038;z=9&#038;output=embed&#038;iwloc=near\"\n\t\t\t\t\ttitle=\"PRISE DE SANG GLOBULAB SANT\u00c9\"\n\t\t\t\t\taria-label=\"PRISE DE SANG GLOBULAB SANT\u00c9\"\n\t\t\t><\/iframe>\n\t\t<\/div>\n\t\t\t\t\t\t<\/div>\n\t\t\t\t<\/div>\n\t\t\t\t<\/div>\n\t\t<div class=\"elementor-element elementor-element-dd7b239 e-flex e-con-boxed e-con e-parent\" data-id=\"dd7b239\" data-element_type=\"container\" data-settings=\"{&quot;background_background&quot;:&quot;classic&quot;}\">\n\t\t\t\t\t<div class=\"e-con-inner\">\n\t\t\t\t<div class=\"elementor-element elementor-element-e762cb7 elementor-widget elementor-widget-heading\" data-id=\"e762cb7\" data-element_type=\"widget\" data-widget_type=\"heading.default\">\n\t\t\t\t<div class=\"elementor-widget-container\">\n\t\t\t\t\t<h3 class=\"elementor-heading-title elementor-size-default\">Interested in using our services?<\/h3>\t\t\t\t<\/div>\n\t\t\t\t<\/div>\n\t\t\t\t<div class=\"elementor-element elementor-element-528054d elementor-align-center elementor-widget elementor-widget-button\" data-id=\"528054d\" data-element_type=\"widget\" data-widget_type=\"button.default\">\n\t\t\t\t<div class=\"elementor-widget-container\">\n\t\t\t\t\t\t\t\t\t<div class=\"elementor-button-wrapper\">\n\t\t\t\t\t<a class=\"elementor-button elementor-button-link elementor-size-sm\" href=\"tel:514984-7000\">\n\t\t\t\t\t\t<span class=\"elementor-button-content-wrapper\">\n\t\t\t\t\t\t<span class=\"elementor-button-icon\">\n\t\t\t\t<i aria-hidden=\"true\" class=\"fas fa-phone-alt\"><\/i>\t\t\t<\/span>\n\t\t\t\t\t\t\t\t\t<span class=\"elementor-button-text\">Call On Us<\/span>\n\t\t\t\t\t<\/span>\n\t\t\t\t\t<\/a>\n\t\t\t\t<\/div>\n\t\t\t\t\t\t\t\t<\/div>\n\t\t\t\t<\/div>\n\t\t\t\t\t<\/div>\n\t\t\t\t<\/div>\n\t\t\t\t<\/div>\n\t\t","protected":false},"excerpt":{"rendered":"<p>Service area At Globulab Sant\u00e9, your well-being is our top priority. We are committed to ensuring your health by offering fast blood collection services at home and in the workplace. No more long waits at the hospital or CLSC \u2013 with Globulab, enjoy private service within 24 to 48 hours of your call! Our commitment [&hellip;]<\/p>\n","protected":false},"author":1,"featured_media":0,"parent":0,"menu_order":0,"comment_status":"closed","ping_status":"closed","template":"elementor_header_footer","meta":{"footnotes":""},"class_list":["post-2957","page","type-page","status-publish","hentry"],"yoast_head":"<!-- This site is optimized with the Yoast SEO plugin v26.5 - https:\/\/yoast.com\/wordpress\/plugins\/seo\/ -->\n<title>Service Areas | At-home blood tests | Globulab Sant\u00e9<\/title>\n<meta name=\"description\" content=\"Discover the cities served by Globulab Sant\u00e9. Home blood collection and medical analysis services, from Montreal to Mont-Tremblant.\" \/>\n<meta name=\"robots\" content=\"index, follow, max-snippet:-1, max-image-preview:large, max-video-preview:-1\" \/>\n<link rel=\"canonical\" href=\"https:\/\/globulabsante.com\/en\/area-served\/\" \/>\n<meta property=\"og:locale\" content=\"en_US\" \/>\n<meta property=\"og:type\" content=\"article\" \/>\n<meta property=\"og:title\" content=\"Service Areas | At-home blood tests | Globulab Sant\u00e9\" \/>\n<meta property=\"og:description\" content=\"Discover the cities served by Globulab Sant\u00e9. Home blood collection and medical analysis services, from Montreal to Mont-Tremblant.\" \/>\n<meta property=\"og:url\" content=\"https:\/\/globulabsante.com\/en\/area-served\/\" \/>\n<meta property=\"og:site_name\" content=\"Globulab Sant\u00e9\" \/>\n<meta property=\"article:modified_time\" content=\"2025-06-09T18:04:31+00:00\" \/>\n<meta property=\"og:image\" content=\"https:\/\/globulabsante.com\/wp-content\/uploads\/2024\/08\/OG.jpg\" \/>\n\t<meta property=\"og:image:width\" content=\"1200\" \/>\n\t<meta property=\"og:image:height\" content=\"630\" \/>\n\t<meta property=\"og:image:type\" content=\"image\/jpeg\" \/>\n<meta name=\"twitter:card\" content=\"summary_large_image\" \/>\n<meta name=\"twitter:label1\" content=\"Est. reading time\" \/>\n\t<meta name=\"twitter:data1\" content=\"1 minute\" \/>\n<script type=\"application\/ld+json\" class=\"yoast-schema-graph\">{\"@context\":\"https:\/\/schema.org\",\"@graph\":[{\"@type\":\"WebPage\",\"@id\":\"https:\/\/globulabsante.com\/en\/area-served\/\",\"url\":\"https:\/\/globulabsante.com\/en\/area-served\/\",\"name\":\"Service Areas | At-home blood tests | Globulab Sant\u00e9\",\"isPartOf\":{\"@id\":\"https:\/\/globulabsante.com\/en\/#website\"},\"datePublished\":\"2024-08-23T14:33:29+00:00\",\"dateModified\":\"2025-06-09T18:04:31+00:00\",\"description\":\"Discover the cities served by Globulab Sant\u00e9. Home blood collection and medical analysis services, from Montreal to Mont-Tremblant.\",\"breadcrumb\":{\"@id\":\"https:\/\/globulabsante.com\/en\/area-served\/#breadcrumb\"},\"inLanguage\":\"en-CA\",\"potentialAction\":[{\"@type\":\"ReadAction\",\"target\":[\"https:\/\/globulabsante.com\/en\/area-served\/\"]}]},{\"@type\":\"BreadcrumbList\",\"@id\":\"https:\/\/globulabsante.com\/en\/area-served\/#breadcrumb\",\"itemListElement\":[{\"@type\":\"ListItem\",\"position\":1,\"name\":\"Accueil\",\"item\":\"https:\/\/globulabsante.com\/en\/\"},{\"@type\":\"ListItem\",\"position\":2,\"name\":\"Service Areas\"}]},{\"@type\":\"WebSite\",\"@id\":\"https:\/\/globulabsante.com\/en\/#website\",\"url\":\"https:\/\/globulabsante.com\/en\/\",\"name\":\"Globulab Sant\u00e9\",\"description\":\"PR\u00c9L\u00c8VEMENTS SANGUINS\",\"publisher\":{\"@id\":\"https:\/\/globulabsante.com\/en\/#organization\"},\"potentialAction\":[{\"@type\":\"SearchAction\",\"target\":{\"@type\":\"EntryPoint\",\"urlTemplate\":\"https:\/\/globulabsante.com\/en\/?s={search_term_string}\"},\"query-input\":{\"@type\":\"PropertyValueSpecification\",\"valueRequired\":true,\"valueName\":\"search_term_string\"}}],\"inLanguage\":\"en-CA\"},{\"@type\":\"Organization\",\"@id\":\"https:\/\/globulabsante.com\/en\/#organization\",\"name\":\"Globulab Sant\u00e9\",\"url\":\"https:\/\/globulabsante.com\/en\/\",\"logo\":{\"@type\":\"ImageObject\",\"inLanguage\":\"en-CA\",\"@id\":\"https:\/\/globulabsante.com\/en\/#\/schema\/logo\/image\/\",\"url\":\"https:\/\/globulabsante.com\/wp-content\/uploads\/2022\/03\/globulab-logo.png\",\"contentUrl\":\"https:\/\/globulabsante.com\/wp-content\/uploads\/2022\/03\/globulab-logo.png\",\"width\":275,\"height\":87,\"caption\":\"Globulab Sant\u00e9\"},\"image\":{\"@id\":\"https:\/\/globulabsante.com\/en\/#\/schema\/logo\/image\/\"}}]}<\/script>\n<!-- \/ Yoast SEO plugin. -->","yoast_head_json":{"title":"Service Areas | At-home blood tests | Globulab Sant\u00e9","description":"Discover the cities served by Globulab Sant\u00e9. Home blood collection and medical analysis services, from Montreal to Mont-Tremblant.","robots":{"index":"index","follow":"follow","max-snippet":"max-snippet:-1","max-image-preview":"max-image-preview:large","max-video-preview":"max-video-preview:-1"},"canonical":"https:\/\/globulabsante.com\/en\/area-served\/","og_locale":"en_US","og_type":"article","og_title":"Service Areas | At-home blood tests | Globulab Sant\u00e9","og_description":"Discover the cities served by Globulab Sant\u00e9. Home blood collection and medical analysis services, from Montreal to Mont-Tremblant.","og_url":"https:\/\/globulabsante.com\/en\/area-served\/","og_site_name":"Globulab Sant\u00e9","article_modified_time":"2025-06-09T18:04:31+00:00","og_image":[{"width":1200,"height":630,"url":"https:\/\/globulabsante.com\/wp-content\/uploads\/2024\/08\/OG.jpg","type":"image\/jpeg"}],"twitter_card":"summary_large_image","twitter_misc":{"Est. reading time":"1 minute"},"schema":{"@context":"https:\/\/schema.org","@graph":[{"@type":"WebPage","@id":"https:\/\/globulabsante.com\/en\/area-served\/","url":"https:\/\/globulabsante.com\/en\/area-served\/","name":"Service Areas | At-home blood tests | Globulab Sant\u00e9","isPartOf":{"@id":"https:\/\/globulabsante.com\/en\/#website"},"datePublished":"2024-08-23T14:33:29+00:00","dateModified":"2025-06-09T18:04:31+00:00","description":"Discover the cities served by Globulab Sant\u00e9. Home blood collection and medical analysis services, from Montreal to Mont-Tremblant.","breadcrumb":{"@id":"https:\/\/globulabsante.com\/en\/area-served\/#breadcrumb"},"inLanguage":"en-CA","potentialAction":[{"@type":"ReadAction","target":["https:\/\/globulabsante.com\/en\/area-served\/"]}]},{"@type":"BreadcrumbList","@id":"https:\/\/globulabsante.com\/en\/area-served\/#breadcrumb","itemListElement":[{"@type":"ListItem","position":1,"name":"Accueil","item":"https:\/\/globulabsante.com\/en\/"},{"@type":"ListItem","position":2,"name":"Service Areas"}]},{"@type":"WebSite","@id":"https:\/\/globulabsante.com\/en\/#website","url":"https:\/\/globulabsante.com\/en\/","name":"Globulab Sant\u00e9","description":"PR\u00c9L\u00c8VEMENTS SANGUINS","publisher":{"@id":"https:\/\/globulabsante.com\/en\/#organization"},"potentialAction":[{"@type":"SearchAction","target":{"@type":"EntryPoint","urlTemplate":"https:\/\/globulabsante.com\/en\/?s={search_term_string}"},"query-input":{"@type":"PropertyValueSpecification","valueRequired":true,"valueName":"search_term_string"}}],"inLanguage":"en-CA"},{"@type":"Organization","@id":"https:\/\/globulabsante.com\/en\/#organization","name":"Globulab Sant\u00e9","url":"https:\/\/globulabsante.com\/en\/","logo":{"@type":"ImageObject","inLanguage":"en-CA","@id":"https:\/\/globulabsante.com\/en\/#\/schema\/logo\/image\/","url":"https:\/\/globulabsante.com\/wp-content\/uploads\/2022\/03\/globulab-logo.png","contentUrl":"https:\/\/globulabsante.com\/wp-content\/uploads\/2022\/03\/globulab-logo.png","width":275,"height":87,"caption":"Globulab Sant\u00e9"},"image":{"@id":"https:\/\/globulabsante.com\/en\/#\/schema\/logo\/image\/"}}]}},"_links":{"self":[{"href":"https:\/\/globulabsante.com\/en\/wp-json\/wp\/v2\/pages\/2957","targetHints":{"allow":["GET"]}}],"collection":[{"href":"https:\/\/globulabsante.com\/en\/wp-json\/wp\/v2\/pages"}],"about":[{"href":"https:\/\/globulabsante.com\/en\/wp-json\/wp\/v2\/types\/page"}],"author":[{"embeddable":true,"href":"https:\/\/globulabsante.com\/en\/wp-json\/wp\/v2\/users\/1"}],"replies":[{"embeddable":true,"href":"https:\/\/globulabsante.com\/en\/wp-json\/wp\/v2\/comments?post=2957"}],"version-history":[{"count":10,"href":"https:\/\/globulabsante.com\/en\/wp-json\/wp\/v2\/pages\/2957\/revisions"}],"predecessor-version":[{"id":5075,"href":"https:\/\/globulabsante.com\/en\/wp-json\/wp\/v2\/pages\/2957\/revisions\/5075"}],"wp:attachment":[{"href":"https:\/\/globulabsante.com\/en\/wp-json\/wp\/v2\/media?parent=2957"}],"curies":[{"name":"wp","href":"https:\/\/api.w.org\/{rel}","templated":true}]}}