{"id":4308,"date":"2024-08-28T12:46:16","date_gmt":"2024-08-28T16:46:16","guid":{"rendered":"https:\/\/globulabsante.com\/services-by-location\/prise-de-sang-laval\/"},"modified":"2025-06-09T14:08:06","modified_gmt":"2025-06-09T18:08:06","slug":"blood-test-laval","status":"publish","type":"page","link":"https:\/\/globulabsante.com\/en\/services-by-location\/blood-test-laval\/","title":{"rendered":"Blood Test Laval"},"content":{"rendered":"\t\t<div data-elementor-type=\"wp-page\" data-elementor-id=\"4308\" class=\"elementor elementor-4308 elementor-4227\" data-elementor-post-type=\"page\">\n\t\t\t\t<div class=\"elementor-element elementor-element-03f9669 with-mask e-flex e-con-boxed e-con e-parent\" data-id=\"03f9669\" data-element_type=\"container\" data-settings=\"{&quot;background_background&quot;:&quot;classic&quot;}\">\n\t\t\t\t\t<div class=\"e-con-inner\">\n\t\t\t\t<div class=\"elementor-element elementor-element-600b7d5 elementor-widget elementor-widget-heading\" data-id=\"600b7d5\" data-element_type=\"widget\" data-widget_type=\"heading.default\">\n\t\t\t\t<div class=\"elementor-widget-container\">\n\t\t\t\t\t<h1 class=\"elementor-heading-title elementor-size-default\">BLOOD TEST IN LAVAL<\/h1>\t\t\t\t<\/div>\n\t\t\t\t<\/div>\n\t\t\t\t\t<\/div>\n\t\t\t\t<\/div>\n\t\t<div class=\"elementor-element elementor-element-1e97062 e-flex e-con-boxed e-con e-parent\" data-id=\"1e97062\" data-element_type=\"container\" data-settings=\"{&quot;background_background&quot;:&quot;classic&quot;}\">\n\t\t\t\t\t<div class=\"e-con-inner\">\n\t\t<div class=\"elementor-element elementor-element-fb9c4b0 e-flex e-con-boxed e-con e-child\" data-id=\"fb9c4b0\" data-element_type=\"container\">\n\t\t\t\t\t<div class=\"e-con-inner\">\n\t\t\t\t<div class=\"elementor-element elementor-element-53642c9 elementor-widget elementor-widget-text-editor\" data-id=\"53642c9\" data-element_type=\"widget\" data-widget_type=\"text-editor.default\">\n\t\t\t\t<div class=\"elementor-widget-container\">\n\t\t\t\t\t\t\t\t\t<p>Experience the convenience of in-home <strong>blood test in Laval<\/strong> with <a href=\"\/en\"><em>Globulab<\/em> <\/a>. Our professional nurses provide gentle and pain-free services, perfect for children or those with needle phobia. Why hassle with on-site appointments when you can have a <a href=\"\/en\/blood-test-at-home-and-in-workplace\"><em>blood test<\/em><\/a> in the comfort of your own home? Whether it&#8217;s due to time constraints, mobility issues, or simply the desire for immediate comfort after the <em><a href=\"\/en\/blood-test-at-home-and-in-workplace\">test<\/a> <\/em>, our in-home <strong>blood test in Laval<\/strong> cater to your needs.<\/p>\t\t\t\t\t\t\t\t<\/div>\n\t\t\t\t<\/div>\n\t\t\t\t\t<\/div>\n\t\t\t\t<\/div>\n\t\t\t\t\t<\/div>\n\t\t\t\t<\/div>\n\t\t<div class=\"elementor-element elementor-element-aa15dac e-flex e-con-boxed e-con e-parent\" data-id=\"aa15dac\" data-element_type=\"container\" data-settings=\"{&quot;background_background&quot;:&quot;classic&quot;}\">\n\t\t\t\t\t<div class=\"e-con-inner\">\n\t\t<div class=\"elementor-element elementor-element-308c955 e-flex e-con-boxed e-con e-child\" data-id=\"308c955\" data-element_type=\"container\">\n\t\t\t\t\t<div class=\"e-con-inner\">\n\t\t<div class=\"elementor-element elementor-element-8864a76 e-con-full e-flex e-con e-child\" data-id=\"8864a76\" data-element_type=\"container\" data-settings=\"{&quot;background_background&quot;:&quot;classic&quot;}\">\n\t\t\t\t<\/div>\n\t\t<div class=\"elementor-element elementor-element-d119d29 e-con-full e-flex e-con e-child\" data-id=\"d119d29\" data-element_type=\"container\">\n\t\t\t\t<div class=\"elementor-element elementor-element-e86e7a1 elementor-widget elementor-widget-text-editor\" data-id=\"e86e7a1\" data-element_type=\"widget\" data-widget_type=\"text-editor.default\">\n\t\t\t\t<div class=\"elementor-widget-container\">\n\t\t\t\t\t\t\t\t\tPrioritize your employees&#8217; health by opting for our workplace blood testing services. We ensure a seamless process that doesn&#8217;t disrupt your business operations. With discretion and efficiency, we deliver fast results while keeping your workforce motivated and productive.\t\t\t\t\t\t\t\t<\/div>\n\t\t\t\t<\/div>\n\t\t\t\t<div class=\"elementor-element elementor-element-f9d121a elementor-widget elementor-widget-text-editor\" data-id=\"f9d121a\" data-element_type=\"widget\" data-widget_type=\"text-editor.default\">\n\t\t\t\t<div class=\"elementor-widget-container\">\n\t\t\t\t\t\t\t\t\t<p>By choosing Globulab, you prioritize your employees&#8217; well-being, eliminate the time-consuming trips to healthcare centers, and gain access to quick and reliable test results. Contact us to check if we serve your area and schedule an appointment for a warm and attentive in-home office <strong>blood test in Laval<\/strong> .<\/p>\t\t\t\t\t\t\t\t<\/div>\n\t\t\t\t<\/div>\n\t\t\t\t<\/div>\n\t\t\t\t\t<\/div>\n\t\t\t\t<\/div>\n\t\t\t\t\t<\/div>\n\t\t\t\t<\/div>\n\t\t<div class=\"elementor-element elementor-element-75fa6f1 e-flex e-con-boxed e-con e-parent\" data-id=\"75fa6f1\" data-element_type=\"container\" data-settings=\"{&quot;background_background&quot;:&quot;classic&quot;,&quot;background_motion_fx_motion_fx_scrolling&quot;:&quot;yes&quot;,&quot;background_motion_fx_translateY_effect&quot;:&quot;yes&quot;,&quot;background_motion_fx_translateY_direction&quot;:&quot;negative&quot;,&quot;background_motion_fx_translateY_speed&quot;:{&quot;unit&quot;:&quot;px&quot;,&quot;size&quot;:10,&quot;sizes&quot;:[]},&quot;background_motion_fx_range&quot;:&quot;viewport&quot;,&quot;background_motion_fx_translateY_affectedRange&quot;:{&quot;unit&quot;:&quot;%&quot;,&quot;size&quot;:&quot;&quot;,&quot;sizes&quot;:{&quot;start&quot;:0,&quot;end&quot;:100}},&quot;background_motion_fx_devices&quot;:[&quot;widescreen&quot;,&quot;desktop&quot;,&quot;laptop&quot;,&quot;tablet_extra&quot;,&quot;tablet&quot;,&quot;mobile_extra&quot;,&quot;mobile&quot;]}\">\n\t\t\t\t\t<div class=\"e-con-inner\">\n\t\t\t\t<div class=\"elementor-element elementor-element-40d01d2 elementor-widget elementor-widget-heading\" data-id=\"40d01d2\" data-element_type=\"widget\" data-widget_type=\"heading.default\">\n\t\t\t\t<div class=\"elementor-widget-container\">\n\t\t\t\t\t<h2 class=\"elementor-heading-title elementor-size-default\">Streamline Your Health with Blood Test in Laval<\/h2>\t\t\t\t<\/div>\n\t\t\t\t<\/div>\n\t\t\t\t<div class=\"elementor-element elementor-element-25b4d74 elementor-widget elementor-widget-text-editor\" data-id=\"25b4d74\" data-element_type=\"widget\" data-widget_type=\"text-editor.default\">\n\t\t\t\t<div class=\"elementor-widget-container\">\n\t\t\t\t\t\t\t\t\t<p>At Globulab, we make it simpler and more comfortable to manage your health with a professional <strong>blood test in Laval<\/strong> . With over two decades of experience in medical testing, our team brings expertise right to your doorstep, ensuring you receive top-quality care without stepping out of your home. Our services are tailored to fit the unique needs of each client, offering everything from routine screenings to specialized tests. Whether you&#8217;re managing a chronic condition or just keeping tabs on your health, our mobile service in Laval ensures you have access to the best care possible.<\/p>\t\t\t\t\t\t\t\t<\/div>\n\t\t\t\t<\/div>\n\t\t\t\t<div class=\"elementor-element elementor-element-c3fbde4 elementor-align-left elementor-widget elementor-widget-button\" data-id=\"c3fbde4\" data-element_type=\"widget\" data-widget_type=\"button.default\">\n\t\t\t\t<div class=\"elementor-widget-container\">\n\t\t\t\t\t\t\t\t\t<div class=\"elementor-button-wrapper\">\n\t\t\t\t\t<a class=\"elementor-button elementor-button-link elementor-size-sm\" href=\"https:\/\/globulabsante.com\/en\/contact\/\">\n\t\t\t\t\t\t<span class=\"elementor-button-content-wrapper\">\n\t\t\t\t\t\t<span class=\"elementor-button-icon\">\n\t\t\t\t<i aria-hidden=\"true\" class=\"far fa-envelope\"><\/i>\t\t\t<\/span>\n\t\t\t\t\t\t\t\t\t<span class=\"elementor-button-text\">contact-us<\/span>\n\t\t\t\t\t<\/span>\n\t\t\t\t\t<\/a>\n\t\t\t\t<\/div>\n\t\t\t\t\t\t\t\t<\/div>\n\t\t\t\t<\/div>\n\t\t\t\t\t<\/div>\n\t\t\t\t<\/div>\n\t\t<div class=\"elementor-element elementor-element-3a70a03 e-flex e-con-boxed e-con e-parent\" data-id=\"3a70a03\" data-element_type=\"container\" data-settings=\"{&quot;background_background&quot;:&quot;classic&quot;}\">\n\t\t\t\t\t<div class=\"e-con-inner\">\n\t\t<div class=\"elementor-element elementor-element-5731bd1 e-flex e-con-boxed e-con e-child\" data-id=\"5731bd1\" data-element_type=\"container\">\n\t\t\t\t\t<div class=\"e-con-inner\">\n\t\t<div class=\"elementor-element elementor-element-d655917 e-con-full e-flex e-con e-child\" data-id=\"d655917\" data-element_type=\"container\" data-settings=\"{&quot;background_background&quot;:&quot;classic&quot;}\">\n\t\t\t\t<\/div>\n\t\t<div class=\"elementor-element elementor-element-d8b8fcb e-con-full e-flex e-con e-child\" data-id=\"d8b8fcb\" data-element_type=\"container\">\n\t\t\t\t<div class=\"elementor-element elementor-element-b732101 elementor-widget elementor-widget-heading\" data-id=\"b732101\" data-element_type=\"widget\" data-widget_type=\"heading.default\">\n\t\t\t\t<div class=\"elementor-widget-container\">\n\t\t\t\t\t<h3 class=\"elementor-heading-title elementor-size-default\">\nTailored Testing Solutions<\/h3>\t\t\t\t<\/div>\n\t\t\t\t<\/div>\n\t\t\t\t<div class=\"elementor-element elementor-element-7d1cfee elementor-widget elementor-widget-text-editor\" data-id=\"7d1cfee\" data-element_type=\"widget\" data-widget_type=\"text-editor.default\">\n\t\t\t\t<div class=\"elementor-widget-container\">\n\t\t\t\t\t\t\t\t\t<p>Our commitment to providing personalized care is what sets us apart. We understand that everyone&#8217;s health needs are different, which is why we offer customized testing options that are both flexible and convenient. Our <strong>blood test in Lava<\/strong>l is designed to meet your specific health requirements, providing you with accurate and timely results. This personalized approach ensures that our tests are more than just procedures; they are integral parts of your health management strategy.<\/p>\t\t\t\t\t\t\t\t<\/div>\n\t\t\t\t<\/div>\n\t\t\t\t<\/div>\n\t\t\t\t\t<\/div>\n\t\t\t\t<\/div>\n\t\t\t\t\t<\/div>\n\t\t\t\t<\/div>\n\t\t<div class=\"elementor-element elementor-element-12434f6 e-flex e-con-boxed e-con e-parent\" data-id=\"12434f6\" data-element_type=\"container\" data-settings=\"{&quot;background_background&quot;:&quot;classic&quot;}\">\n\t\t\t\t\t<div class=\"e-con-inner\">\n\t\t<div class=\"elementor-element elementor-element-b91d85f e-flex e-con-boxed e-con e-child\" data-id=\"b91d85f\" data-element_type=\"container\">\n\t\t\t\t\t<div class=\"e-con-inner\">\n\t\t<div class=\"elementor-element elementor-element-fd6b06a e-con-full e-flex e-con e-child\" data-id=\"fd6b06a\" data-element_type=\"container\">\n\t\t\t\t<div class=\"elementor-element elementor-element-f65aab2 elementor-widget elementor-widget-heading\" data-id=\"f65aab2\" data-element_type=\"widget\" data-widget_type=\"heading.default\">\n\t\t\t\t<div class=\"elementor-widget-container\">\n\t\t\t\t\t<h3 class=\"elementor-heading-title elementor-size-default\">Dedicated Care at Your Doorstep<\/h3>\t\t\t\t<\/div>\n\t\t\t\t<\/div>\n\t\t\t\t<div class=\"elementor-element elementor-element-d6d2972 elementor-widget elementor-widget-text-editor\" data-id=\"d6d2972\" data-element_type=\"widget\" data-widget_type=\"text-editor.default\">\n\t\t\t\t<div class=\"elementor-widget-container\">\n\t\t\t\t\t\t\t\t\t<p>Why travel for a <strong>blood test in Laval<\/strong> when you can have the lab come to you? Globulab&#8217;s home service eliminates the need for stressful commutes and lengthy waiting times. Our skilled nurses and technicians are experts in making the experience as comfortable as possible, using the latest techniques for pain-free sampling. This service is ideal for busy professionals, elderly patients, or anyone who prefers the privacy and comfort of their own home.<\/p>\t\t\t\t\t\t\t\t<\/div>\n\t\t\t\t<\/div>\n\t\t\t\t<\/div>\n\t\t<div class=\"elementor-element elementor-element-86f6615 e-con-full e-flex e-con e-child\" data-id=\"86f6615\" data-element_type=\"container\" data-settings=\"{&quot;background_background&quot;:&quot;classic&quot;}\">\n\t\t\t\t<\/div>\n\t\t\t\t\t<\/div>\n\t\t\t\t<\/div>\n\t\t\t\t\t<\/div>\n\t\t\t\t<\/div>\n\t\t<div class=\"elementor-element elementor-element-6d7a556 e-flex e-con-boxed e-con e-parent\" data-id=\"6d7a556\" data-element_type=\"container\" data-settings=\"{&quot;background_background&quot;:&quot;classic&quot;,&quot;background_motion_fx_motion_fx_scrolling&quot;:&quot;yes&quot;,&quot;background_motion_fx_translateY_effect&quot;:&quot;yes&quot;,&quot;background_motion_fx_translateY_direction&quot;:&quot;negative&quot;,&quot;background_motion_fx_translateY_speed&quot;:{&quot;unit&quot;:&quot;px&quot;,&quot;size&quot;:10,&quot;sizes&quot;:[]},&quot;background_motion_fx_range&quot;:&quot;viewport&quot;,&quot;background_motion_fx_translateY_affectedRange&quot;:{&quot;unit&quot;:&quot;%&quot;,&quot;size&quot;:&quot;&quot;,&quot;sizes&quot;:{&quot;start&quot;:0,&quot;end&quot;:100}},&quot;background_motion_fx_devices&quot;:[&quot;widescreen&quot;,&quot;desktop&quot;,&quot;laptop&quot;,&quot;tablet_extra&quot;,&quot;tablet&quot;,&quot;mobile_extra&quot;,&quot;mobile&quot;]}\">\n\t\t\t\t\t<div class=\"e-con-inner\">\n\t\t\t\t<div class=\"elementor-element elementor-element-b9fda56 elementor-widget elementor-widget-heading\" data-id=\"b9fda56\" data-element_type=\"widget\" data-widget_type=\"heading.default\">\n\t\t\t\t<div class=\"elementor-widget-container\">\n\t\t\t\t\t<h2 class=\"elementor-heading-title elementor-size-default\">Ready to take control of your health with minimal disruption to your daily life? Contact Globulab today for a blood test in Laval and experience healthcare on your terms.<\/h2>\t\t\t\t<\/div>\n\t\t\t\t<\/div>\n\t\t\t\t<div class=\"elementor-element elementor-element-a0750e0 elementor-align-left elementor-widget elementor-widget-button\" data-id=\"a0750e0\" data-element_type=\"widget\" data-widget_type=\"button.default\">\n\t\t\t\t<div class=\"elementor-widget-container\">\n\t\t\t\t\t\t\t\t\t<div class=\"elementor-button-wrapper\">\n\t\t\t\t\t<a class=\"elementor-button elementor-button-link elementor-size-sm\" href=\"https:\/\/globulabsante.com\/en\/contact\/\">\n\t\t\t\t\t\t<span class=\"elementor-button-content-wrapper\">\n\t\t\t\t\t\t<span class=\"elementor-button-icon\">\n\t\t\t\t<i aria-hidden=\"true\" class=\"far fa-envelope\"><\/i>\t\t\t<\/span>\n\t\t\t\t\t\t\t\t\t<span class=\"elementor-button-text\">contact-us<\/span>\n\t\t\t\t\t<\/span>\n\t\t\t\t\t<\/a>\n\t\t\t\t<\/div>\n\t\t\t\t\t\t\t\t<\/div>\n\t\t\t\t<\/div>\n\t\t\t\t\t<\/div>\n\t\t\t\t<\/div>\n\t\t\t\t<\/div>\n\t\t","protected":false},"excerpt":{"rendered":"<p>BLOOD TEST IN LAVAL Experience the convenience of in-home blood test in Laval with Globulab . Our professional nurses provide gentle and pain-free services, perfect for children or those with needle phobia. Why hassle with on-site appointments when you can have a blood test in the comfort of your own home? Whether it&#8217;s due to [&hellip;]<\/p>\n","protected":false},"author":1,"featured_media":0,"parent":4303,"menu_order":0,"comment_status":"closed","ping_status":"closed","template":"elementor_header_footer","meta":{"footnotes":""},"class_list":["post-4308","page","type-page","status-publish","hentry"],"yoast_head":"<!-- This site is optimized with the Yoast SEO plugin v26.5 - https:\/\/yoast.com\/wordpress\/plugins\/seo\/ -->\n<title>At-home blood in Laval | Globulab Sant\u00e9<\/title>\n<meta name=\"description\" content=\"Get hassle-free and gentle in-home blood test in Laval with Globulab. Prioritize employee health and efficiency with our workplace blood testing solutions!\" \/>\n<meta name=\"robots\" content=\"index, follow, max-snippet:-1, max-image-preview:large, max-video-preview:-1\" \/>\n<link rel=\"canonical\" href=\"https:\/\/globulabsante.com\/en\/services-by-location\/blood-test-laval\/\" \/>\n<meta property=\"og:locale\" content=\"en_US\" \/>\n<meta property=\"og:type\" content=\"article\" \/>\n<meta property=\"og:title\" content=\"At-home blood in Laval | Globulab Sant\u00e9\" \/>\n<meta property=\"og:description\" content=\"Get hassle-free and gentle in-home blood test in Laval with Globulab. Prioritize employee health and efficiency with our workplace blood testing solutions!\" \/>\n<meta property=\"og:url\" content=\"https:\/\/globulabsante.com\/en\/services-by-location\/blood-test-laval\/\" \/>\n<meta property=\"og:site_name\" content=\"Globulab Sant\u00e9\" \/>\n<meta property=\"article:modified_time\" content=\"2025-06-09T18:08:06+00:00\" \/>\n<meta property=\"og:image\" content=\"https:\/\/globulabsante.com\/wp-content\/uploads\/2024\/08\/OG.jpg\" \/>\n\t<meta property=\"og:image:width\" content=\"1200\" \/>\n\t<meta property=\"og:image:height\" content=\"630\" \/>\n\t<meta property=\"og:image:type\" content=\"image\/jpeg\" \/>\n<meta name=\"twitter:card\" content=\"summary_large_image\" \/>\n<meta name=\"twitter:label1\" content=\"Est. reading time\" \/>\n\t<meta name=\"twitter:data1\" content=\"3 minutes\" \/>\n<script type=\"application\/ld+json\" class=\"yoast-schema-graph\">{\"@context\":\"https:\/\/schema.org\",\"@graph\":[{\"@type\":\"WebPage\",\"@id\":\"https:\/\/globulabsante.com\/en\/services-by-location\/blood-test-laval\/\",\"url\":\"https:\/\/globulabsante.com\/en\/services-by-location\/blood-test-laval\/\",\"name\":\"At-home blood in Laval | Globulab Sant\u00e9\",\"isPartOf\":{\"@id\":\"https:\/\/globulabsante.com\/en\/#website\"},\"datePublished\":\"2024-08-28T16:46:16+00:00\",\"dateModified\":\"2025-06-09T18:08:06+00:00\",\"description\":\"Get hassle-free and gentle in-home blood test in Laval with Globulab. Prioritize employee health and efficiency with our workplace blood testing solutions!\",\"breadcrumb\":{\"@id\":\"https:\/\/globulabsante.com\/en\/services-by-location\/blood-test-laval\/#breadcrumb\"},\"inLanguage\":\"en-CA\",\"potentialAction\":[{\"@type\":\"ReadAction\",\"target\":[\"https:\/\/globulabsante.com\/en\/services-by-location\/blood-test-laval\/\"]}]},{\"@type\":\"BreadcrumbList\",\"@id\":\"https:\/\/globulabsante.com\/en\/services-by-location\/blood-test-laval\/#breadcrumb\",\"itemListElement\":[{\"@type\":\"ListItem\",\"position\":1,\"name\":\"Accueil\",\"item\":\"https:\/\/globulabsante.com\/en\/\"},{\"@type\":\"ListItem\",\"position\":2,\"name\":\"Service by location\",\"item\":\"https:\/\/globulabsante.com\/en\/services-by-location\/\"},{\"@type\":\"ListItem\",\"position\":3,\"name\":\"Blood Test Laval\"}]},{\"@type\":\"WebSite\",\"@id\":\"https:\/\/globulabsante.com\/en\/#website\",\"url\":\"https:\/\/globulabsante.com\/en\/\",\"name\":\"Globulab Sant\u00e9\",\"description\":\"PR\u00c9L\u00c8VEMENTS SANGUINS\",\"publisher\":{\"@id\":\"https:\/\/globulabsante.com\/en\/#organization\"},\"potentialAction\":[{\"@type\":\"SearchAction\",\"target\":{\"@type\":\"EntryPoint\",\"urlTemplate\":\"https:\/\/globulabsante.com\/en\/?s={search_term_string}\"},\"query-input\":{\"@type\":\"PropertyValueSpecification\",\"valueRequired\":true,\"valueName\":\"search_term_string\"}}],\"inLanguage\":\"en-CA\"},{\"@type\":\"Organization\",\"@id\":\"https:\/\/globulabsante.com\/en\/#organization\",\"name\":\"Globulab Sant\u00e9\",\"url\":\"https:\/\/globulabsante.com\/en\/\",\"logo\":{\"@type\":\"ImageObject\",\"inLanguage\":\"en-CA\",\"@id\":\"https:\/\/globulabsante.com\/en\/#\/schema\/logo\/image\/\",\"url\":\"https:\/\/globulabsante.com\/wp-content\/uploads\/2022\/03\/globulab-logo.png\",\"contentUrl\":\"https:\/\/globulabsante.com\/wp-content\/uploads\/2022\/03\/globulab-logo.png\",\"width\":275,\"height\":87,\"caption\":\"Globulab Sant\u00e9\"},\"image\":{\"@id\":\"https:\/\/globulabsante.com\/en\/#\/schema\/logo\/image\/\"}}]}<\/script>\n<!-- \/ Yoast SEO plugin. -->","yoast_head_json":{"title":"At-home blood in Laval | Globulab Sant\u00e9","description":"Get hassle-free and gentle in-home blood test in Laval with Globulab. Prioritize employee health and efficiency with our workplace blood testing solutions!","robots":{"index":"index","follow":"follow","max-snippet":"max-snippet:-1","max-image-preview":"max-image-preview:large","max-video-preview":"max-video-preview:-1"},"canonical":"https:\/\/globulabsante.com\/en\/services-by-location\/blood-test-laval\/","og_locale":"en_US","og_type":"article","og_title":"At-home blood in Laval | Globulab Sant\u00e9","og_description":"Get hassle-free and gentle in-home blood test in Laval with Globulab. Prioritize employee health and efficiency with our workplace blood testing solutions!","og_url":"https:\/\/globulabsante.com\/en\/services-by-location\/blood-test-laval\/","og_site_name":"Globulab Sant\u00e9","article_modified_time":"2025-06-09T18:08:06+00:00","og_image":[{"width":1200,"height":630,"url":"https:\/\/globulabsante.com\/wp-content\/uploads\/2024\/08\/OG.jpg","type":"image\/jpeg"}],"twitter_card":"summary_large_image","twitter_misc":{"Est. reading time":"3 minutes"},"schema":{"@context":"https:\/\/schema.org","@graph":[{"@type":"WebPage","@id":"https:\/\/globulabsante.com\/en\/services-by-location\/blood-test-laval\/","url":"https:\/\/globulabsante.com\/en\/services-by-location\/blood-test-laval\/","name":"At-home blood in Laval | Globulab Sant\u00e9","isPartOf":{"@id":"https:\/\/globulabsante.com\/en\/#website"},"datePublished":"2024-08-28T16:46:16+00:00","dateModified":"2025-06-09T18:08:06+00:00","description":"Get hassle-free and gentle in-home blood test in Laval with Globulab. Prioritize employee health and efficiency with our workplace blood testing solutions!","breadcrumb":{"@id":"https:\/\/globulabsante.com\/en\/services-by-location\/blood-test-laval\/#breadcrumb"},"inLanguage":"en-CA","potentialAction":[{"@type":"ReadAction","target":["https:\/\/globulabsante.com\/en\/services-by-location\/blood-test-laval\/"]}]},{"@type":"BreadcrumbList","@id":"https:\/\/globulabsante.com\/en\/services-by-location\/blood-test-laval\/#breadcrumb","itemListElement":[{"@type":"ListItem","position":1,"name":"Accueil","item":"https:\/\/globulabsante.com\/en\/"},{"@type":"ListItem","position":2,"name":"Service by location","item":"https:\/\/globulabsante.com\/en\/services-by-location\/"},{"@type":"ListItem","position":3,"name":"Blood Test Laval"}]},{"@type":"WebSite","@id":"https:\/\/globulabsante.com\/en\/#website","url":"https:\/\/globulabsante.com\/en\/","name":"Globulab Sant\u00e9","description":"PR\u00c9L\u00c8VEMENTS SANGUINS","publisher":{"@id":"https:\/\/globulabsante.com\/en\/#organization"},"potentialAction":[{"@type":"SearchAction","target":{"@type":"EntryPoint","urlTemplate":"https:\/\/globulabsante.com\/en\/?s={search_term_string}"},"query-input":{"@type":"PropertyValueSpecification","valueRequired":true,"valueName":"search_term_string"}}],"inLanguage":"en-CA"},{"@type":"Organization","@id":"https:\/\/globulabsante.com\/en\/#organization","name":"Globulab Sant\u00e9","url":"https:\/\/globulabsante.com\/en\/","logo":{"@type":"ImageObject","inLanguage":"en-CA","@id":"https:\/\/globulabsante.com\/en\/#\/schema\/logo\/image\/","url":"https:\/\/globulabsante.com\/wp-content\/uploads\/2022\/03\/globulab-logo.png","contentUrl":"https:\/\/globulabsante.com\/wp-content\/uploads\/2022\/03\/globulab-logo.png","width":275,"height":87,"caption":"Globulab Sant\u00e9"},"image":{"@id":"https:\/\/globulabsante.com\/en\/#\/schema\/logo\/image\/"}}]}},"_links":{"self":[{"href":"https:\/\/globulabsante.com\/en\/wp-json\/wp\/v2\/pages\/4308","targetHints":{"allow":["GET"]}}],"collection":[{"href":"https:\/\/globulabsante.com\/en\/wp-json\/wp\/v2\/pages"}],"about":[{"href":"https:\/\/globulabsante.com\/en\/wp-json\/wp\/v2\/types\/page"}],"author":[{"embeddable":true,"href":"https:\/\/globulabsante.com\/en\/wp-json\/wp\/v2\/users\/1"}],"replies":[{"embeddable":true,"href":"https:\/\/globulabsante.com\/en\/wp-json\/wp\/v2\/comments?post=4308"}],"version-history":[{"count":10,"href":"https:\/\/globulabsante.com\/en\/wp-json\/wp\/v2\/pages\/4308\/revisions"}],"predecessor-version":[{"id":4602,"href":"https:\/\/globulabsante.com\/en\/wp-json\/wp\/v2\/pages\/4308\/revisions\/4602"}],"up":[{"embeddable":true,"href":"https:\/\/globulabsante.com\/en\/wp-json\/wp\/v2\/pages\/4303"}],"wp:attachment":[{"href":"https:\/\/globulabsante.com\/en\/wp-json\/wp\/v2\/media?parent=4308"}],"curies":[{"name":"wp","href":"https:\/\/api.w.org\/{rel}","templated":true}]}}